{"id":4791,"date":"2021-03-17T13:06:29","date_gmt":"2021-03-17T12:06:29","guid":{"rendered":"https:\/\/fematel.com\/web\/?post_type=product&#038;p=4791"},"modified":"2022-07-15T11:32:30","modified_gmt":"2022-07-15T09:32:30","slug":"cs72-caja-estanca-315x215x125-con-conos","status":"publish","type":"product","link":"https:\/\/fematel.com\/web\/product\/cs72-caja-estanca-315x215x125-con-conos\/","title":{"rendered":"CS72 Caja estanca 315x215x125 con conos"},"content":{"rendered":"","protected":false},"excerpt":{"rendered":"<p>Referencia: CS72<\/p>\n<p>Medidas: 315x215x125 mm<br \/>\nMaterial: PS<br \/>\nInstalaci\u00f3n: Superficie<br \/>\nCierre tapa: Tornillo \u00bc de vuelta<br \/>\nProtecci\u00f3n: IP 55, IK 07<br \/>\nColor: Gris \/ Paredes: Conos en PVC<br \/>\nC\u00f3digo Barras: EAN 13<br \/>\nLibre Hal\u00f3genos<\/p>\n<p>Con 14 conos: 6 m\u00e1ximo 50mm. 8 m\u00e1ximo 40 mm. Tapa precintable, fondo preparado para fijaci\u00f3n de rail DIN y placas de montaje.<\/p>\n<p>Envase &#8211; 1 ud<br \/>\nEmbalaje -10 uds<\/p>\n<p><img loading=\"lazy\" decoding=\"async\" class=\"size-thumbnail wp-image-4265 alignleft\" src=\"https:\/\/fematel.com\/web\/wp-content\/uploads\/2021-02-26-09_16_42-catalogo2021.pdf-Adobe-Acrobat-Pro-80x80.jpg\" alt=\"\" width=\"80\" height=\"80\" srcset=\"https:\/\/fematel.com\/web\/wp-content\/uploads\/2021-02-26-09_16_42-catalogo2021.pdf-Adobe-Acrobat-Pro-80x80.jpg 80w, https:\/\/fematel.com\/web\/wp-content\/uploads\/2021-02-26-09_16_42-catalogo2021.pdf-Adobe-Acrobat-Pro-100x100.jpg 100w\" sizes=\"auto, (max-width: 80px) 100vw, 80px\" \/><\/p>\n<p>&nbsp;<\/p>\n<p>&nbsp;<\/p>\n<p>&nbsp;<\/p>\n<p><a href=\"https:\/\/fematel.com\/web\/product\/t70-tapa-315x215-3\/\">T70<\/a> &#8211; Tapa 315&#215;215 &#8211; 12,49 \u20ac<\/p>\n<p><a href=\"https:\/\/fematel.com\/web\/wp-content\/uploads\/Ficha-tecnica-CS72.pdf\">Ficha tecnica CS72<\/a><\/p>\n","protected":false},"featured_media":3527,"comment_status":"closed","ping_status":"closed","template":"","meta":{"_acf_changed":false},"product_brand":[],"product_cat":[73,94],"product_tag":[],"class_list":{"0":"post-4791","1":"product","2":"type-product","3":"status-publish","4":"has-post-thumbnail","6":"product_cat-cajas-estancas","7":"product_cat-conos","9":"first","10":"instock","11":"shipping-taxable","12":"purchasable","13":"product-type-simple"},"acf":[],"_links":{"self":[{"href":"https:\/\/fematel.com\/web\/wp-json\/wp\/v2\/product\/4791","targetHints":{"allow":["GET"]}}],"collection":[{"href":"https:\/\/fematel.com\/web\/wp-json\/wp\/v2\/product"}],"about":[{"href":"https:\/\/fematel.com\/web\/wp-json\/wp\/v2\/types\/product"}],"replies":[{"embeddable":true,"href":"https:\/\/fematel.com\/web\/wp-json\/wp\/v2\/comments?post=4791"}],"wp:featuredmedia":[{"embeddable":true,"href":"https:\/\/fematel.com\/web\/wp-json\/wp\/v2\/media\/3527"}],"wp:attachment":[{"href":"https:\/\/fematel.com\/web\/wp-json\/wp\/v2\/media?parent=4791"}],"wp:term":[{"taxonomy":"product_brand","embeddable":true,"href":"https:\/\/fematel.com\/web\/wp-json\/wp\/v2\/product_brand?post=4791"},{"taxonomy":"product_cat","embeddable":true,"href":"https:\/\/fematel.com\/web\/wp-json\/wp\/v2\/product_cat?post=4791"},{"taxonomy":"product_tag","embeddable":true,"href":"https:\/\/fematel.com\/web\/wp-json\/wp\/v2\/product_tag?post=4791"}],"curies":[{"name":"wp","href":"https:\/\/api.w.org\/{rel}","templated":true}]}}