{"id":4612,"date":"2021-03-12T10:51:49","date_gmt":"2021-03-12T09:51:49","guid":{"rendered":"https:\/\/fematel.com\/web\/?post_type=product&#038;p=4612"},"modified":"2022-07-15T11:53:53","modified_gmt":"2022-07-15T09:53:53","slug":"t27-marco-y-puerta-de-518x318-con-ventilacion","status":"publish","type":"product","link":"https:\/\/fematel.com\/web\/product\/t27-marco-y-puerta-de-518x318-con-ventilacion\/","title":{"rendered":"T27 Marco y puerta de 518&#215;318 con ventilaci\u00f3n"},"content":{"rendered":"","protected":false},"excerpt":{"rendered":"<p>Referencia: T27<\/p>\n<p>Medidas: 500x300x80 mm<br \/>\nMaterial: PS<br \/>\nInstalaci\u00f3n: Empotrada\/Empalmes<br \/>\nEnlazable, Incluye piezas de enlace<br \/>\nHasta 45 m\u00f3dulos, 3 filas<br \/>\nCaja-Negro \/ Marco y Puerta-Blanco<br \/>\nC\u00f3digo Barras: EAN 13<br \/>\nLibre Hal\u00f3genos<\/p>\n<p>Puerta reversible, rejilla ventilaci\u00f3n.<br \/>\nGu\u00edas met\u00e1licas para autom\u00e1ticos.<br \/>\nEl marco y la puerta se pueden colocar despu\u00e9s de sujetar la caja.<\/p>\n<p><img loading=\"lazy\" decoding=\"async\" class=\"size-thumbnail wp-image-4265 alignleft\" src=\"https:\/\/fematel.com\/web\/wp-content\/uploads\/2021-02-26-09_16_42-catalogo2021.pdf-Adobe-Acrobat-Pro-80x80.jpg\" alt=\"\" width=\"80\" height=\"80\" srcset=\"https:\/\/fematel.com\/web\/wp-content\/uploads\/2021-02-26-09_16_42-catalogo2021.pdf-Adobe-Acrobat-Pro-80x80.jpg 80w, https:\/\/fematel.com\/web\/wp-content\/uploads\/2021-02-26-09_16_42-catalogo2021.pdf-Adobe-Acrobat-Pro-100x100.jpg 100w\" sizes=\"auto, (max-width: 80px) 100vw, 80px\" \/><\/p>\n<p>&nbsp;<\/p>\n<p>Envase &#8211; 1 ud<br \/>\nEmbalaje &#8211; 1 uds<\/p>\n<p>&nbsp;<\/p>\n","protected":false},"featured_media":4021,"comment_status":"closed","ping_status":"closed","template":"","meta":{"_acf_changed":false},"product_brand":[],"product_cat":[76],"product_tag":[],"class_list":{"0":"post-4612","1":"product","2":"type-product","3":"status-publish","4":"has-post-thumbnail","6":"product_cat-cajas-para-magnetotermicos","8":"first","9":"instock","10":"shipping-taxable","11":"purchasable","12":"product-type-simple"},"acf":[],"_links":{"self":[{"href":"https:\/\/fematel.com\/web\/wp-json\/wp\/v2\/product\/4612","targetHints":{"allow":["GET"]}}],"collection":[{"href":"https:\/\/fematel.com\/web\/wp-json\/wp\/v2\/product"}],"about":[{"href":"https:\/\/fematel.com\/web\/wp-json\/wp\/v2\/types\/product"}],"replies":[{"embeddable":true,"href":"https:\/\/fematel.com\/web\/wp-json\/wp\/v2\/comments?post=4612"}],"wp:featuredmedia":[{"embeddable":true,"href":"https:\/\/fematel.com\/web\/wp-json\/wp\/v2\/media\/4021"}],"wp:attachment":[{"href":"https:\/\/fematel.com\/web\/wp-json\/wp\/v2\/media?parent=4612"}],"wp:term":[{"taxonomy":"product_brand","embeddable":true,"href":"https:\/\/fematel.com\/web\/wp-json\/wp\/v2\/product_brand?post=4612"},{"taxonomy":"product_cat","embeddable":true,"href":"https:\/\/fematel.com\/web\/wp-json\/wp\/v2\/product_cat?post=4612"},{"taxonomy":"product_tag","embeddable":true,"href":"https:\/\/fematel.com\/web\/wp-json\/wp\/v2\/product_tag?post=4612"}],"curies":[{"name":"wp","href":"https:\/\/api.w.org\/{rel}","templated":true}]}}