{"id":4611,"date":"2021-03-12T10:50:24","date_gmt":"2021-03-12T09:50:24","guid":{"rendered":"https:\/\/fematel.com\/web\/?post_type=product&#038;p=4611"},"modified":"2022-07-15T11:54:06","modified_gmt":"2022-07-15T09:54:06","slug":"ct89-caja-distribucion-enlazable-500x300x80-45-md-con-marco-y-puerta","status":"publish","type":"product","link":"https:\/\/fematel.com\/web\/product\/ct89-caja-distribucion-enlazable-500x300x80-45-md-con-marco-y-puerta\/","title":{"rendered":"CT89 Caja distribuci\u00f3n enlazable 500x300x80, 45 MD, con marco y puerta"},"content":{"rendered":"","protected":false},"excerpt":{"rendered":"<p>Referencia: CT89<\/p>\n<p>Medidas: 500x300x80 mm<br \/>\nMaterial: PS<br \/>\nInstalaci\u00f3n: Empotrada\/Empalmes<br \/>\nEnlazable, Incluye piezas de enlace<br \/>\nHasta 45 m\u00f3dulos, 3 filas<br \/>\nCaja-Negro \/ Marco y Puerta-Blanco<br \/>\nC\u00f3digo Barras: EAN 13<br \/>\nLibre Hal\u00f3genos<\/p>\n<p>Puerta reversible, rejilla ventilaci\u00f3n.<br \/>\nGu\u00edas met\u00e1licas para autom\u00e1ticos.<br \/>\nEl marco y la puerta se pueden colocar despu\u00e9s de sujetar la caja.<\/p>\n<p><img loading=\"lazy\" decoding=\"async\" class=\"size-thumbnail wp-image-4265 alignleft\" src=\"https:\/\/fematel.com\/web\/wp-content\/uploads\/2021-02-26-09_16_42-catalogo2021.pdf-Adobe-Acrobat-Pro-80x80.jpg\" alt=\"\" width=\"80\" height=\"80\" srcset=\"https:\/\/fematel.com\/web\/wp-content\/uploads\/2021-02-26-09_16_42-catalogo2021.pdf-Adobe-Acrobat-Pro-80x80.jpg 80w, https:\/\/fematel.com\/web\/wp-content\/uploads\/2021-02-26-09_16_42-catalogo2021.pdf-Adobe-Acrobat-Pro-100x100.jpg 100w\" sizes=\"auto, (max-width: 80px) 100vw, 80px\" \/><\/p>\n<p>&nbsp;<\/p>\n<p>Envase &#8211; 1 ud<br \/>\nEmbalaje &#8211; 1 uds<\/p>\n<p>&nbsp;<\/p>\n<p><a href=\"https:\/\/fematel.com\/web\/product\/t27-marco-y-puerta-de-518x318-con-ventilacion\/\">T27<\/a> &#8211; Marco y puerta de 518&#215;318 con ventilaci\u00f3n &#8211; 15,55 \u20ac<\/p>\n<p><strong>Accesorios<\/strong><\/p>\n<p><img loading=\"lazy\" decoding=\"async\" class=\"alignright wp-image-3541 size-thumbnail\" src=\"https:\/\/fematel.com\/web\/wp-content\/uploads\/E20-80x80.png\" alt=\"\" width=\"80\" height=\"80\" srcset=\"https:\/\/fematel.com\/web\/wp-content\/uploads\/E20-80x80.png 80w, https:\/\/fematel.com\/web\/wp-content\/uploads\/E20-300x300.png 300w, https:\/\/fematel.com\/web\/wp-content\/uploads\/E20-100x100.png 100w, https:\/\/fematel.com\/web\/wp-content\/uploads\/E20-36x36.png 36w, https:\/\/fematel.com\/web\/wp-content\/uploads\/E20-180x180.png 180w\" sizes=\"auto, (max-width: 80px) 100vw, 80px\" \/><a href=\"https:\/\/fematel.com\/web\/product\/e20-pieza-de-enlace-para-ref-ctp26-ctp27-y-ctp32\/\"><strong>E20<\/strong><\/a><\/p>\n<p>\u2013 Pieza de enlace para Ref. CTP26, CTP27 y CTP32<\/p>\n<p>0,39 \u20ac<\/p>\n<hr \/>\n<p><img loading=\"lazy\" decoding=\"async\" class=\"alignright wp-image-3519 size-thumbnail\" src=\"https:\/\/fematel.com\/web\/wp-content\/uploads\/E21-80x80.png\" alt=\"\" width=\"80\" height=\"80\" srcset=\"https:\/\/fematel.com\/web\/wp-content\/uploads\/E21-80x80.png 80w, https:\/\/fematel.com\/web\/wp-content\/uploads\/E21-300x300.png 300w, https:\/\/fematel.com\/web\/wp-content\/uploads\/E21-100x100.png 100w, https:\/\/fematel.com\/web\/wp-content\/uploads\/E21-36x36.png 36w, https:\/\/fematel.com\/web\/wp-content\/uploads\/E21-180x180.png 180w\" sizes=\"auto, (max-width: 80px) 100vw, 80px\" \/><\/p>\n<p><a href=\"https:\/\/fematel.com\/web\/product\/e21-pieza-para-conduccion-de-cables-p-ref-ctp26-ctp27-y-ctp32\/\"><strong>E21<\/strong><\/a><\/p>\n<p>\u2013 Pieza para conducci\u00f3n de cables p\/ Ref. CTP26, CTP27 y CTP32<\/p>\n<p><strong>0,51 \u20ac<\/strong><\/p>\n<p><a href=\"https:\/\/fematel.com\/web\/wp-content\/uploads\/CT89.pdf\">Ficha t\u00e9cnica CT89<\/a><\/p>\n","protected":false},"featured_media":4021,"comment_status":"closed","ping_status":"closed","template":"","meta":{"_acf_changed":false},"product_brand":[],"product_cat":[76],"product_tag":[],"class_list":{"0":"post-4611","1":"product","2":"type-product","3":"status-publish","4":"has-post-thumbnail","6":"product_cat-cajas-para-magnetotermicos","8":"first","9":"instock","10":"shipping-taxable","11":"purchasable","12":"product-type-simple"},"acf":[],"_links":{"self":[{"href":"https:\/\/fematel.com\/web\/wp-json\/wp\/v2\/product\/4611","targetHints":{"allow":["GET"]}}],"collection":[{"href":"https:\/\/fematel.com\/web\/wp-json\/wp\/v2\/product"}],"about":[{"href":"https:\/\/fematel.com\/web\/wp-json\/wp\/v2\/types\/product"}],"replies":[{"embeddable":true,"href":"https:\/\/fematel.com\/web\/wp-json\/wp\/v2\/comments?post=4611"}],"wp:featuredmedia":[{"embeddable":true,"href":"https:\/\/fematel.com\/web\/wp-json\/wp\/v2\/media\/4021"}],"wp:attachment":[{"href":"https:\/\/fematel.com\/web\/wp-json\/wp\/v2\/media?parent=4611"}],"wp:term":[{"taxonomy":"product_brand","embeddable":true,"href":"https:\/\/fematel.com\/web\/wp-json\/wp\/v2\/product_brand?post=4611"},{"taxonomy":"product_cat","embeddable":true,"href":"https:\/\/fematel.com\/web\/wp-json\/wp\/v2\/product_cat?post=4611"},{"taxonomy":"product_tag","embeddable":true,"href":"https:\/\/fematel.com\/web\/wp-json\/wp\/v2\/product_tag?post=4611"}],"curies":[{"name":"wp","href":"https:\/\/api.w.org\/{rel}","templated":true}]}}