{"id":4563,"date":"2021-03-12T10:01:09","date_gmt":"2021-03-12T09:01:09","guid":{"rendered":"https:\/\/fematel.com\/web\/?post_type=product&#038;p=4563"},"modified":"2025-05-13T17:40:48","modified_gmt":"2025-05-13T15:40:48","slug":"k98-herramienta-mecan-one-para-instalacion-de-cajas-empotrables","status":"publish","type":"product","link":"https:\/\/fematel.com\/web\/product\/k98-herramienta-mecan-one-para-instalacion-de-cajas-empotrables\/","title":{"rendered":"K98 Herramienta Mecan-One para instalaci\u00f3n de cajas empotrables"},"content":{"rendered":"<h2>VIDEO Mecan-One<\/h2>\n<p><iframe loading=\"lazy\" title=\"YouTube video player\" src=\"https:\/\/www.youtube.com\/embed\/gVszux5KVZ8?si=WTjaQLI6BKf6MEOr\" width=\"560\" height=\"315\" frameborder=\"0\" allowfullscreen=\"allowfullscreen\"><\/iframe><\/p>\n","protected":false},"excerpt":{"rendered":"<p>Referencia: K98<\/p>\n<p>Material: PS<br \/>\nColor: Negro<\/p>\n<p>La herramienta MECAN-ONE (Ref. K98) permite empotrar las cajas previamente a la instalaci\u00f3n de los tubos, ahorra tiempo en la colocaci\u00f3n de la caja y facilita el nivelado, aplomado y regulaci\u00f3n de espesor de masa a emplear, consiguiendo una perfecta instalaci\u00f3n de los registros. V\u00e1lido para todas las marcas. Producto patentado.<br \/>\n<img loading=\"lazy\" decoding=\"async\" class=\"size-thumbnail wp-image-4265 alignleft\" src=\"https:\/\/fematel.com\/web\/wp-content\/uploads\/2021-02-26-09_16_42-catalogo2021.pdf-Adobe-Acrobat-Pro-80x80.jpg\" alt=\"\" width=\"80\" height=\"80\" srcset=\"https:\/\/fematel.com\/web\/wp-content\/uploads\/2021-02-26-09_16_42-catalogo2021.pdf-Adobe-Acrobat-Pro-80x80.jpg 80w, https:\/\/fematel.com\/web\/wp-content\/uploads\/2021-02-26-09_16_42-catalogo2021.pdf-Adobe-Acrobat-Pro-100x100.jpg 100w\" sizes=\"auto, (max-width: 80px) 100vw, 80px\" \/><\/p>\n<p>Envase &#8211; 1 ud<br \/>\nEmbalaje &#8211; 1 ud<\/p>\n","protected":false},"featured_media":4109,"comment_status":"closed","ping_status":"closed","template":"","meta":{"_acf_changed":false},"product_brand":[],"product_cat":[83],"product_tag":[],"class_list":{"0":"post-4563","1":"product","2":"type-product","3":"status-publish","4":"has-post-thumbnail","6":"product_cat-accesorios","7":"pif-has-gallery","9":"first","10":"instock","11":"shipping-taxable","12":"purchasable","13":"product-type-simple"},"acf":[],"_links":{"self":[{"href":"https:\/\/fematel.com\/web\/wp-json\/wp\/v2\/product\/4563","targetHints":{"allow":["GET"]}}],"collection":[{"href":"https:\/\/fematel.com\/web\/wp-json\/wp\/v2\/product"}],"about":[{"href":"https:\/\/fematel.com\/web\/wp-json\/wp\/v2\/types\/product"}],"replies":[{"embeddable":true,"href":"https:\/\/fematel.com\/web\/wp-json\/wp\/v2\/comments?post=4563"}],"wp:featuredmedia":[{"embeddable":true,"href":"https:\/\/fematel.com\/web\/wp-json\/wp\/v2\/media\/4109"}],"wp:attachment":[{"href":"https:\/\/fematel.com\/web\/wp-json\/wp\/v2\/media?parent=4563"}],"wp:term":[{"taxonomy":"product_brand","embeddable":true,"href":"https:\/\/fematel.com\/web\/wp-json\/wp\/v2\/product_brand?post=4563"},{"taxonomy":"product_cat","embeddable":true,"href":"https:\/\/fematel.com\/web\/wp-json\/wp\/v2\/product_cat?post=4563"},{"taxonomy":"product_tag","embeddable":true,"href":"https:\/\/fematel.com\/web\/wp-json\/wp\/v2\/product_tag?post=4563"}],"curies":[{"name":"wp","href":"https:\/\/api.w.org\/{rel}","templated":true}]}}