{"id":4503,"date":"2021-03-10T12:48:20","date_gmt":"2021-03-10T11:48:20","guid":{"rendered":"https:\/\/fematel.com\/web\/?post_type=product&#038;p=4503"},"modified":"2021-05-25T10:24:18","modified_gmt":"2021-05-25T08:24:18","slug":"cuadro-de-distribucion-movil","status":"publish","type":"product","link":"https:\/\/fematel.com\/web\/product\/cuadro-de-distribucion-movil\/","title":{"rendered":"CUADRO DE DISTRIBUC\u00cdON M\u00d3VIL"},"content":{"rendered":"","protected":false},"excerpt":{"rendered":"<p>Medidas: 450x280x260 mm<br \/>\nMaterial: PC \/ Met\u00e1lico<br \/>\nOpciones: Monof\u00e1sico \u00f3 Trif\u00e1sico<br \/>\nColor: Negro<\/p>\n<p><strong>*Consultar precios. Montajes a medida.<\/strong><\/p>\n","protected":false},"featured_media":4966,"comment_status":"closed","ping_status":"closed","template":"","meta":{"_acf_changed":false},"product_brand":[],"product_cat":[82],"product_tag":[],"class_list":{"0":"post-4503","1":"product","2":"type-product","3":"status-publish","4":"has-post-thumbnail","6":"product_cat-cuadro-de-distribucion-movil","7":"pif-has-gallery","9":"first","10":"instock","11":"shipping-taxable","12":"product-type-simple"},"acf":[],"_links":{"self":[{"href":"https:\/\/fematel.com\/web\/wp-json\/wp\/v2\/product\/4503","targetHints":{"allow":["GET"]}}],"collection":[{"href":"https:\/\/fematel.com\/web\/wp-json\/wp\/v2\/product"}],"about":[{"href":"https:\/\/fematel.com\/web\/wp-json\/wp\/v2\/types\/product"}],"replies":[{"embeddable":true,"href":"https:\/\/fematel.com\/web\/wp-json\/wp\/v2\/comments?post=4503"}],"wp:featuredmedia":[{"embeddable":true,"href":"https:\/\/fematel.com\/web\/wp-json\/wp\/v2\/media\/4966"}],"wp:attachment":[{"href":"https:\/\/fematel.com\/web\/wp-json\/wp\/v2\/media?parent=4503"}],"wp:term":[{"taxonomy":"product_brand","embeddable":true,"href":"https:\/\/fematel.com\/web\/wp-json\/wp\/v2\/product_brand?post=4503"},{"taxonomy":"product_cat","embeddable":true,"href":"https:\/\/fematel.com\/web\/wp-json\/wp\/v2\/product_cat?post=4503"},{"taxonomy":"product_tag","embeddable":true,"href":"https:\/\/fematel.com\/web\/wp-json\/wp\/v2\/product_tag?post=4503"}],"curies":[{"name":"wp","href":"https:\/\/api.w.org\/{rel}","templated":true}]}}