{"id":5466,"date":"2024-11-26T13:21:02","date_gmt":"2024-11-26T12:21:02","guid":{"rendered":"https:\/\/fematel.com\/web\/?page_id=5466"},"modified":"2025-04-29T11:53:38","modified_gmt":"2025-04-29T09:53:38","slug":"distribuidores","status":"publish","type":"page","link":"https:\/\/fematel.com\/web\/distribuidores\/","title":{"rendered":"Distribuidores"},"content":{"rendered":"<div class=\"wpb-content-wrapper\"><p>[vc_row][vc_column]\r\n            \r\n            <div class=\"sh-empty-space vc_empty_space sh-empty-space-z6EcoserhA  \" style=\"height: 82px\">\r\n                <span class=\"vc_empty_space_inner\"><\/span>\r\n            <\/div>\r\n\r\n        [vc_column_text css=\u00bb\u00bb]En Fematel, somos l\u00edderes en la inyecci\u00f3n de pl\u00e1stico para la fabricaci\u00f3n de material el\u00e9ctrico de alta calidad. Nos especializamos en ofrecer soluciones innovadoras y productos duraderos que cumplen con los m\u00e1s altos est\u00e1ndares de la industria. Gracias a nuestra experiencia y compromiso con la excelencia, hemos logrado posicionarnos como un referente en el sector el\u00e9ctrico.<\/p>\n<p>Si eres un distribuidor con visi\u00f3n de futuro, te invitamos a formar parte de nuestra red de aliados. Como distribuidor de Fematel, tendr\u00e1s acceso a productos de calidad, soporte t\u00e9cnico especializado y un conjunto de recursos exclusivos dise\u00f1ados para impulsar tu \u00e9xito. Juntos, podremos ofrecer a los clientes soluciones de vanguardia y un servicio excepcional.<\/p>\n<h3>\u00danete a nuestra red de distribuidores y se parte de nuestro crecimiento.<\/h3>\n<p>[\/vc_column_text]\r\n            \r\n            <div class=\"sh-empty-space vc_empty_space sh-empty-space-oAEB9Gh74W  \" style=\"height: 52px\">\r\n                <span class=\"vc_empty_space_inner\"><\/span>\r\n            <\/div>\r\n\r\n        [\/vc_column][\/vc_row][vc_row][vc_column width=\u00bb1\/2&#8243;][vc_column_text css=\u00bb\u00bb]<\/p>\n<h3 class=\"widgettitle\">DATOS DE CONTACTO<\/h3>\n<p><strong>Direcci\u00f3n<\/strong>:\u00a0 Estrada a Loureza, 110, 36770 O Rosal, Pontevedra, Espa\u00f1a<br \/>\n<strong>Tel\u00e9fono<\/strong>: <a href=\"Tel:+34986626063\">986 626 063<\/a><br \/>\n<strong>Fax<\/strong>: 986 262 231<br \/>\n<strong>Email<\/strong>: <a href=\"mailto:fematel@fematel.com\">fematel@fematel.com<\/a>[\/vc_column_text][vc_column_text]<iframe loading=\"lazy\" style=\"border: 0;\" src=\"https:\/\/www.google.com\/maps\/embed?pb=!1m14!1m8!1m3!1d11867.120885670021!2d-8.8237069!3d41.9620555!3m2!1i1024!2i768!4f13.1!3m3!1m2!1s0x0%3A0x65833693cfb819f8!2sFematel%20S.L.!5e0!3m2!1ses!2ses!4v1615802141544!5m2!1ses!2ses\" width=\"100%\" height=\"450\" allowfullscreen=\"allowfullscreen\"><\/iframe>[\/vc_column_text][\/vc_column][vc_column width=\u00bb1\/2&#8243;][vc_column_text css=\u00bb\u00bb]<\/p>\n<h3 class=\"widgettitle\">FORMULARIO DE DISTRIBUIDORES<\/h3>\n<div class=\"wpcf7 no-js\" id=\"wpcf7-f5468-o1\" lang=\"es-ES\" dir=\"ltr\" data-wpcf7-id=\"5468\">\n<div class=\"screen-reader-response\"><p role=\"status\" aria-live=\"polite\" aria-atomic=\"true\"><\/p> <ul><\/ul><\/div>\n<form action=\"\/web\/wp-json\/wp\/v2\/pages\/5466#wpcf7-f5468-o1\" method=\"post\" class=\"wpcf7-form init\" aria-label=\"Formulario de contacto\" novalidate=\"novalidate\" data-status=\"init\">\n<fieldset class=\"hidden-fields-container\"><input type=\"hidden\" name=\"_wpcf7\" value=\"5468\" \/><input type=\"hidden\" name=\"_wpcf7_version\" value=\"6.1.5\" \/><input type=\"hidden\" name=\"_wpcf7_locale\" value=\"es_ES\" \/><input type=\"hidden\" name=\"_wpcf7_unit_tag\" value=\"wpcf7-f5468-o1\" \/><input type=\"hidden\" name=\"_wpcf7_container_post\" value=\"0\" \/><input type=\"hidden\" name=\"_wpcf7_posted_data_hash\" value=\"\" \/><input type=\"hidden\" name=\"_wpcf7_recaptcha_response\" value=\"\" \/>\n<\/fieldset>\n<div class=\"sh-cf7-body\"><p><label> Tu nombre<br \/>\n<span class=\"wpcf7-form-control-wrap\" data-name=\"your-name\"><input size=\"40\" maxlength=\"400\" class=\"wpcf7-form-control wpcf7-text wpcf7-validates-as-required\" aria-required=\"true\" aria-invalid=\"false\" value=\"\" type=\"text\" name=\"your-name\" \/><\/span> <\/label>\n<\/p>\n<p><label> Tu correo electr\u00f3nico<br \/>\n<span class=\"wpcf7-form-control-wrap\" data-name=\"your-email\"><input size=\"40\" maxlength=\"400\" class=\"wpcf7-form-control wpcf7-email wpcf7-validates-as-required wpcf7-text wpcf7-validates-as-email\" aria-required=\"true\" aria-invalid=\"false\" value=\"\" type=\"email\" name=\"your-email\" \/><\/span> <\/label>\n<\/p>\n<p><label> Asunto<br \/>\n<span class=\"wpcf7-form-control-wrap\" data-name=\"your-subject\"><input size=\"40\" maxlength=\"400\" class=\"wpcf7-form-control wpcf7-text wpcf7-validates-as-required\" aria-required=\"true\" aria-invalid=\"false\" value=\"\" type=\"text\" name=\"your-subject\" \/><\/span> <\/label>\n<\/p>\n<p><label> Tu mensaje (opcional)<br \/>\n<span class=\"wpcf7-form-control-wrap\" data-name=\"your-message\"><textarea cols=\"40\" rows=\"10\" maxlength=\"2000\" class=\"wpcf7-form-control wpcf7-textarea\" aria-invalid=\"false\" name=\"your-message\"><\/textarea><\/span> <\/label>\n<\/p>\n<p><input class=\"wpcf7-form-control wpcf7-submit has-spinner\" type=\"submit\" value=\"Enviar\" \/>\n<\/p><\/div><div class=\"wpcf7-response-output\" aria-hidden=\"true\"><\/div>\n<\/form>\n<\/div>\n[\/vc_column_text][\/vc_column][\/vc_row][vc_row][vc_column]\r\n            \r\n            <div class=\"sh-empty-space vc_empty_space sh-empty-space-LKSo3QVDHU  \" style=\"height: 82px\">\r\n                <span class=\"vc_empty_space_inner\"><\/span>\r\n            <\/div>\r\n\r\n        [\/vc_column][\/vc_row]<\/p>\n<\/div>","protected":false},"excerpt":{"rendered":"<p>[vc_row][vc_column] [vc_column_text css=\u00bb\u00bb]En Fematel, somos l\u00edderes en la inyecci\u00f3n de pl\u00e1stico para la fabricaci\u00f3n de material el\u00e9ctrico de alta calidad. Nos especializamos en ofrecer soluciones innovadoras y productos duraderos que cumplen con los m\u00e1s altos est\u00e1ndares de la industria. Gracias a nuestra experiencia y compromiso&#8230;<\/p>\n","protected":false},"author":1,"featured_media":0,"parent":0,"menu_order":0,"comment_status":"closed","ping_status":"closed","template":"","meta":{"_acf_changed":false,"footnotes":""},"class_list":["post-5466","page","type-page","status-publish","hentry"],"acf":[],"_links":{"self":[{"href":"https:\/\/fematel.com\/web\/wp-json\/wp\/v2\/pages\/5466","targetHints":{"allow":["GET"]}}],"collection":[{"href":"https:\/\/fematel.com\/web\/wp-json\/wp\/v2\/pages"}],"about":[{"href":"https:\/\/fematel.com\/web\/wp-json\/wp\/v2\/types\/page"}],"author":[{"embeddable":true,"href":"https:\/\/fematel.com\/web\/wp-json\/wp\/v2\/users\/1"}],"replies":[{"embeddable":true,"href":"https:\/\/fematel.com\/web\/wp-json\/wp\/v2\/comments?post=5466"}],"version-history":[{"count":7,"href":"https:\/\/fematel.com\/web\/wp-json\/wp\/v2\/pages\/5466\/revisions"}],"predecessor-version":[{"id":5647,"href":"https:\/\/fematel.com\/web\/wp-json\/wp\/v2\/pages\/5466\/revisions\/5647"}],"wp:attachment":[{"href":"https:\/\/fematel.com\/web\/wp-json\/wp\/v2\/media?parent=5466"}],"curies":[{"name":"wp","href":"https:\/\/api.w.org\/{rel}","templated":true}]}}