{"id":3263,"date":"2016-02-25T17:27:30","date_gmt":"2016-02-25T16:27:30","guid":{"rendered":"http:\/\/fematel.com\/web\/?page_id=3263"},"modified":"2025-11-20T17:32:24","modified_gmt":"2025-11-20T16:32:24","slug":"red-comercial","status":"publish","type":"page","link":"https:\/\/fematel.com\/web\/red-comercial\/","title":{"rendered":"Red Comercial"},"content":{"rendered":"<div class=\"wpb-content-wrapper\"><p>[vc_row][vc_column][vc_empty_space height=\u00bb82px\u00bb][vc_column_text][\/vc_column_text][\/vc_column][\/vc_row][vc_row][vc_column][vc_empty_space height=\u00bb82px\u00bb][\/vc_column][\/vc_row][vc_row][vc_column width=\u00bb1\/3&#8243; overflow=\u00bbdefault\u00bb][vc_column_text css=\u00bb.vc_custom_1620212289591{border-top-width: 1px !important;border-right-width: 1px !important;border-bottom-width: 1px !important;border-left-width: 1px !important;padding-top: 60px !important;padding-right: 20px !important;padding-bottom: 60px !important;padding-left: 20px !important;border-left-color: #0f2587 !important;border-left-style: solid !important;border-right-color: #0f2587 !important;border-right-style: solid !important;border-top-color: #0f2587 !important;border-top-style: solid !important;border-bottom-color: #0f2587 !important;border-bottom-style: solid !important;border-radius: 10px !important;}\u00bb]<\/p>\n<h2 style=\"text-align: center\"><span style=\"color: #0f2587\">Almer\u00eda<\/span><\/h2>\n<p style=\"text-align: center\"><span style=\"color: #0f2587\">Jos\u00e9 Lu\u00eds Rodr\u00edguez Rute<\/span><br \/>\n<span style=\"color: #0f2587\"><strong>Tel\u00e9fono:<\/strong> +34 670 64 37 86<\/span><\/p>\n<p>[\/vc_column_text][\/vc_column][vc_column width=\u00bb1\/3&#8243; overflow=\u00bbdefault\u00bb][vc_column_text css=\u00bb.vc_custom_1699631048943{border-top-width: 1px !important;border-right-width: 1px !important;border-bottom-width: 1px !important;border-left-width: 1px !important;padding-top: 60px !important;padding-right: 20px !important;padding-bottom: 60px !important;padding-left: 20px !important;border-left-color: #0f2587 !important;border-left-style: solid !important;border-right-color: #0f2587 !important;border-right-style: solid !important;border-top-color: #0f2587 !important;border-top-style: solid !important;border-bottom-color: #0f2587 !important;border-bottom-style: solid !important;border-radius: 10px !important;}\u00bb]<\/p>\n<h2 style=\"text-align: center\"><span style=\"color: #0f2587\">Asturias <\/span><\/h2>\n<h2 style=\"text-align: center\"><span style=\"color: #0f2587\">Guip\u00fazcoa<\/span><\/h2>\n<p style=\"text-align: center\"><span style=\"color: #0f2587\">Adolfo Esteban<br \/>\n<\/span><span style=\"color: #0f2587\"><strong>Tel\u00e9fono:<\/strong> 629 458 465<\/span><\/p>\n<p>[\/vc_column_text][\/vc_column][vc_column width=\u00bb1\/3&#8243;][vc_column_text css=\u00bb.vc_custom_1699631077111{border-top-width: 1px !important;border-right-width: 1px !important;border-bottom-width: 1px !important;border-left-width: 1px !important;padding-top: 40px !important;padding-right: 20px !important;padding-bottom: 50px !important;padding-left: 20px !important;background-color: #ffffff !important;border-left-color: #0f2587 !important;border-left-style: solid !important;border-right-color: #0f2587 !important;border-right-style: solid !important;border-top-color: #0f2587 !important;border-top-style: solid !important;border-bottom-color: #0f2587 !important;border-bottom-style: solid !important;border-radius: 10px !important;}\u00bb]<\/p>\n<h2 style=\"text-align: center\"><span style=\"color: #0f2587\">Cantabria<\/span><\/h2>\n<p style=\"text-align: center\"><span style=\"color: #0f2587\">Adolfo Esteban<br \/>\n<\/span><span style=\"color: #0f2587\"><strong>Tel\u00e9fono:<\/strong> +34 629 458 465<\/span><\/p>\n<p>[\/vc_column_text][\/vc_column][\/vc_row][vc_row][vc_column][vc_empty_space][\/vc_column][\/vc_row][vc_row][vc_column width=\u00bb1\/3&#8243;][vc_column_text css=\u00bb.vc_custom_1686815915505{border-top-width: 1px !important;border-right-width: 1px !important;border-bottom-width: 1px !important;border-left-width: 1px !important;padding-top: 40px !important;padding-right: 20px !important;padding-bottom: 50px !important;padding-left: 20px !important;background-color: #ffffff !important;border-left-color: #0f2587 !important;border-left-style: solid !important;border-right-color: #0f2587 !important;border-right-style: solid !important;border-top-color: #0f2587 !important;border-top-style: solid !important;border-bottom-color: #0f2587 !important;border-bottom-style: solid !important;border-radius: 10px !important;}\u00bb]<\/p>\n<h2 style=\"text-align: center\"><span style=\"color: #0f2587\">Catalu\u00f1a<\/span><\/h2>\n<p style=\"text-align: center\"><span style=\"color: #0f2587\">Alfredo Ferrer<br \/>\n<strong>Tel\u00e9fono:<\/strong> +34 608 892 769<\/span><\/p>\n<p>[\/vc_column_text][\/vc_column][vc_column width=\u00bb1\/3&#8243;][vc_column_text css=\u00bb.vc_custom_1621867309604{border-top-width: 1px !important;border-right-width: 1px !important;border-bottom-width: 1px !important;border-left-width: 1px !important;padding-top: 60px !important;padding-right: 20px !important;padding-bottom: 60px !important;padding-left: 20px !important;background-color: #ffffff !important;border-left-color: #0f2587 !important;border-left-style: solid !important;border-right-color: #0f2587 !important;border-right-style: solid !important;border-top-color: #0f2587 !important;border-top-style: solid !important;border-bottom-color: #0f2587 !important;border-bottom-style: solid !important;border-radius: 10px !important;}\u00bb]<\/p>\n<h2 style=\"text-align: center\"><span style=\"color: #0f2587\">Galicia<\/span><\/h2>\n<p style=\"text-align: center\"><span style=\"color: #0f2587\">Antonio Dur\u00e1n<br \/>\n<strong>Tel\u00e9fono:<\/strong> +34 640 150 923<\/span><\/p>\n<p>[\/vc_column_text][\/vc_column][vc_column width=\u00bb1\/3&#8243;][vc_column_text css=\u00bb.vc_custom_1626940074818{border-top-width: 1px !important;border-right-width: 1px !important;border-bottom-width: 1px !important;border-left-width: 1px !important;padding-top: 30px !important;padding-right: 20px !important;padding-bottom: 30px !important;padding-left: 20px !important;background-color: #ffffff !important;border-left-color: #0f2587 !important;border-left-style: solid !important;border-right-color: #0f2587 !important;border-right-style: solid !important;border-top-color: #0f2587 !important;border-top-style: solid !important;border-bottom-color: #0f2587 !important;border-bottom-style: solid !important;border-radius: 10px !important;}\u00bb]<\/p>\n<h2 style=\"text-align: center\"><span style=\"color: #0f2587\">Arag\u00f3n<\/span><\/h2>\n<h2 style=\"text-align: center\"><span style=\"color: #0f2587\">Burgos<\/span><\/h2>\n<h2 style=\"text-align: center\"><span style=\"color: #0f2587\">Navarra<br \/>\nLa Rioja<\/span><\/h2>\n<p style=\"text-align: center\"><span style=\"color: #0f2587\">Jos\u00e9 Ignacio Mart\u00ednez Balsameda<br \/>\n<\/span><span style=\"color: #0f2587\"><strong>Tel\u00e9fono:<\/strong> +34 670 820 027<\/span><\/p>\n<p>[\/vc_column_text][\/vc_column][\/vc_row][vc_row][vc_column][vc_empty_space][\/vc_column][\/vc_row][vc_row][vc_column width=\u00bb1\/3&#8243;][vc_column_text css=\u00bb.vc_custom_1621867201733{border-top-width: 1px !important;border-right-width: 1px !important;border-bottom-width: 1px !important;border-left-width: 1px !important;padding-top: 130px !important;padding-right: 20px !important;padding-bottom: 130px !important;padding-left: 20px !important;background-color: #ffffff !important;border-left-color: #0f2587 !important;border-left-style: solid !important;border-right-color: #0f2587 !important;border-right-style: solid !important;border-top-color: #0f2587 !important;border-top-style: solid !important;border-bottom-color: #0f2587 !important;border-bottom-style: solid !important;border-radius: 10px !important;}\u00bb]<\/p>\n<h2 style=\"text-align: center\"><span style=\"color: #0f2587\">Granada<br \/>\n<\/span><\/h2>\n<p style=\"text-align: center\"><span style=\"color: #0f2587\">Cruz Jim\u00e9nez<br \/>\n<strong>Tel\u00e9fono:<\/strong> +34 605 96 74 10<\/span><\/p>\n<p>[\/vc_column_text][\/vc_column][vc_column width=\u00bb1\/3&#8243;][vc_column_text css=\u00bb.vc_custom_1621867261686{border-top-width: 1px !important;border-right-width: 1px !important;border-bottom-width: 1px !important;border-left-width: 1px !important;padding-top: 30px !important;padding-right: 20px !important;padding-bottom: 30px !important;padding-left: 20px !important;background-color: #ffffff !important;border-left-color: #0f2587 !important;border-left-style: solid !important;border-right-color: #0f2587 !important;border-right-style: solid !important;border-top-color: #0f2587 !important;border-top-style: solid !important;border-bottom-color: #0f2587 !important;border-bottom-style: solid !important;border-radius: 10px !important;}\u00bb]<\/p>\n<h2 style=\"text-align: center\"><span style=\"color: #0f2587\">Ja\u00e9n<br \/>\nC\u00f3rdoba<br \/>\n<\/span><\/h2>\n<p style=\"text-align: center\"><span style=\"color: #0f2587\">C\u00e9sar Ballesta<br \/>\n<strong>Tel\u00e9fono:<\/strong> +34 678 563 742<\/span><\/p>\n<p>[\/vc_column_text][\/vc_column][vc_column width=\u00bb1\/3&#8243;][vc_column_text css=\u00bb.vc_custom_1621867179148{border-top-width: 1px !important;border-right-width: 1px !important;border-bottom-width: 1px !important;border-left-width: 1px !important;padding-top: 130px !important;padding-right: 20px !important;padding-bottom: 130px !important;padding-left: 20px !important;background-color: #ffffff !important;border-left-color: #0f2587 !important;border-left-style: solid !important;border-right-color: #0f2587 !important;border-right-style: solid !important;border-top-color: #0f2587 !important;border-top-style: solid !important;border-bottom-color: #0f2587 !important;border-bottom-style: solid !important;border-radius: 10px !important;}\u00bb]<\/p>\n<h2 style=\"text-align: center\"><span style=\"color: #0f2587\">Madrid<\/span><\/h2>\n<p style=\"text-align: center\"><span style=\"color: #0f2587\">\u00c1ngel L\u00f3pez<br \/>\n<strong>Tel\u00e9fono:<\/strong> +34 647 525 323<\/span><\/p>\n<p>[\/vc_column_text][\/vc_column][\/vc_row][vc_row][vc_column][vc_empty_space][\/vc_column][\/vc_row][vc_row][vc_column width=\u00bb1\/3&#8243;][vc_column_text css=\u00bb.vc_custom_1621867086842{border-top-width: 1px !important;border-right-width: 1px !important;border-bottom-width: 1px !important;border-left-width: 1px !important;padding-top: 60px !important;padding-right: 20px !important;padding-bottom: 60px !important;padding-left: 20px !important;background-color: #ffffff !important;border-left-color: #0f2587 !important;border-left-style: solid !important;border-right-color: #0f2587 !important;border-right-style: solid !important;border-top-color: #0f2587 !important;border-top-style: solid !important;border-bottom-color: #0f2587 !important;border-bottom-style: solid !important;border-radius: 10px !important;}\u00bb]<\/p>\n<h2 style=\"text-align: center\"><span style=\"color: #0f2587\">M\u00e1laga<\/span><\/h2>\n<p style=\"text-align: center\"><span style=\"color: #0f2587\">Nuria Ortiz Castillo<br \/>\n<strong>Tel\u00e9fono:<\/strong> +34 952 31 71 87<\/span><\/p>\n<p>[\/vc_column_text][\/vc_column][vc_column width=\u00bb1\/3&#8243;][vc_column_text css=\u00bb.vc_custom_1621867316558{border-top-width: 1px !important;border-right-width: 1px !important;border-bottom-width: 1px !important;border-left-width: 1px !important;padding-top: 30px !important;padding-right: 20px !important;padding-bottom: 30px !important;padding-left: 20px !important;background-color: #ffffff !important;border-left-color: #0f2587 !important;border-left-style: solid !important;border-right-color: #0f2587 !important;border-right-style: solid !important;border-top-color: #0f2587 !important;border-top-style: solid !important;border-bottom-color: #0f2587 !important;border-bottom-style: solid !important;border-radius: 10px !important;}\u00bb]<\/p>\n<h2 style=\"text-align: center\"><span style=\"color: #0f2587\">Murcia<br \/>\nAlicante<br \/>\nAlbacete<br \/>\n<\/span><\/h2>\n<p style=\"text-align: center\"><span style=\"color: #0f2587\">Modesto Camacho<br \/>\n<strong>Tel\u00e9fono:<\/strong> +34 629 45 00 98<\/span><\/p>\n<p>[\/vc_column_text][\/vc_column][vc_column width=\u00bb1\/3&#8243;][vc_column_text css=\u00bb.vc_custom_1651477197554{border-top-width: 1px !important;border-right-width: 1px !important;border-bottom-width: 1px !important;border-left-width: 1px !important;padding-top: 30px !important;padding-right: 20px !important;padding-bottom: 30px !important;padding-left: 20px !important;background-color: #ffffff !important;border-left-color: #0f2587 !important;border-left-style: solid !important;border-right-color: #0f2587 !important;border-right-style: solid !important;border-top-color: #0f2587 !important;border-top-style: solid !important;border-bottom-color: #0f2587 !important;border-bottom-style: solid !important;border-radius: 10px !important;}\u00bb]<\/p>\n<h2 style=\"text-align: center\"><span style=\"color: #0f2587\">Palencia<br \/>\nZamora<br \/>\nValladolid<br \/>\nSegovia<br \/>\n\u00c1vila<br \/>\nSalamanca<br \/>\n<\/span><\/h2>\n<p style=\"text-align: center\"><span style=\"color: #0f2587\">Fematel S.L.<br \/>\n<strong>Tel\u00e9fono:<\/strong> + 34 986 626 063<\/span><\/p>\n<p>[\/vc_column_text][\/vc_column][\/vc_row][vc_row][vc_column][vc_empty_space height=\u00bb82px\u00bb][\/vc_column][\/vc_row][vc_row][vc_column width=\u00bb1\/3&#8243;][vc_column_text css=\u00bb.vc_custom_1621867158837{border-top-width: 1px !important;border-right-width: 1px !important;border-bottom-width: 1px !important;border-left-width: 1px !important;padding-top: 30px !important;padding-right: 20px !important;padding-bottom: 30px !important;padding-left: 20px !important;background-color: #ffffff !important;border-left-color: #0f2587 !important;border-left-style: solid !important;border-right-color: #0f2587 !important;border-right-style: solid !important;border-top-color: #0f2587 !important;border-top-style: solid !important;border-bottom-color: #0f2587 !important;border-bottom-style: solid !important;border-radius: 10px !important;}\u00bb]<\/p>\n<h2 style=\"text-align: center\"><span style=\"color: #0f2587\">Sevilla<br \/>\nC\u00e1diz<br \/>\nHuelva<\/span><\/h2>\n<p style=\"text-align: center\"><span style=\"color: #0f2587\">Jos\u00e9 Manuel Rayo<br \/>\n<strong>Tel\u00e9fono:<\/strong> +34 650 93 00 83<\/span><\/p>\n<p>[\/vc_column_text][\/vc_column][vc_column width=\u00bb1\/3&#8243;][vc_column_text css=\u00bb.vc_custom_1621867279635{border-top-width: 1px !important;border-right-width: 1px !important;border-bottom-width: 1px !important;border-left-width: 1px !important;padding-top: 40px !important;padding-right: 20px !important;padding-bottom: 50px !important;padding-left: 20px !important;background-color: #ffffff !important;border-left-color: #0f2587 !important;border-left-style: solid !important;border-right-color: #0f2587 !important;border-right-style: solid !important;border-top-color: #0f2587 !important;border-top-style: solid !important;border-bottom-color: #0f2587 !important;border-bottom-style: solid !important;border-radius: 10px !important;}\u00bb]<\/p>\n<p>&nbsp;<\/p>\n<h2 style=\"text-align: center\"><span style=\"color: #0f2587\">Le\u00f3n<br \/>\n<\/span><\/h2>\n<p style=\"text-align: center\"><span style=\"color: #0f2587\">Conrado de la Varga<br \/>\n<strong>Tel\u00e9fono:<\/strong> +34 615 070 181<\/span><\/p>\n<p>[\/vc_column_text][\/vc_column][\/vc_row][vc_row][vc_column][vc_empty_space height=\u00bb82px\u00bb][\/vc_column][\/vc_row][vc_row][vc_column width=\u00bb1\/3&#8243;][vc_column_text css=\u00bb.vc_custom_1621867158837{border-top-width: 1px !important;border-right-width: 1px !important;border-bottom-width: 1px !important;border-left-width: 1px !important;padding-top: 30px !important;padding-right: 20px !important;padding-bottom: 30px !important;padding-left: 20px !important;background-color: #ffffff !important;border-left-color: #0f2587 !important;border-left-style: solid !important;border-right-color: #0f2587 !important;border-right-style: solid !important;border-top-color: #0f2587 !important;border-top-style: solid !important;border-bottom-color: #0f2587 !important;border-bottom-style: solid !important;border-radius: 10px !important;}\u00bb]<\/p>\n<h2 style=\"text-align: center\"><span style=\"color: #0f2587\">Otras ubicaciones<\/span><\/h2>\n<p style=\"text-align: center\"><span style=\"color: #0f2587\">Fematel S.L.<br \/>\n<strong>Tel\u00e9fono:<\/strong> +34 986 626 063<\/span><\/p>\n<p>[\/vc_column_text][\/vc_column][vc_column width=\u00bb1\/3&#8243;][vc_column_text css=\u00bb.vc_custom_1621867240473{border-top-width: 1px !important;border-right-width: 1px !important;border-bottom-width: 1px !important;border-left-width: 1px !important;padding-top: 30px !important;padding-right: 20px !important;padding-bottom: 30px !important;padding-left: 20px !important;background-color: #ffffff !important;border-left-color: #0f2587 !important;border-left-style: solid !important;border-right-color: #0f2587 !important;border-right-style: solid !important;border-top-color: #0f2587 !important;border-top-style: solid !important;border-bottom-color: #0f2587 !important;border-bottom-style: solid !important;border-radius: 10px !important;}\u00bb]<\/p>\n<h2 style=\"text-align: center\"><span style=\"color: #0f2587\">Valencia<br \/>\nCastell\u00f3n<\/span><\/h2>\n<p style=\"text-align: center\"><span style=\"color: #0f2587\">Fernando LLopis<br \/>\n<strong>Tel\u00e9fono:<\/strong> +34 667 32 66 58<\/span><\/p>\n<p>[\/vc_column_text][\/vc_column][\/vc_row][vc_row][vc_column][vc_empty_space height=\u00bb82px\u00bb][\/vc_column][\/vc_row]<\/p>\n<\/div>","protected":false},"excerpt":{"rendered":"<p>[vc_row][vc_column][vc_empty_space height=\u00bb82px\u00bb][vc_column_text][\/vc_column_text][\/vc_column][\/vc_row][vc_row][vc_column][vc_empty_space height=\u00bb82px\u00bb][\/vc_column][\/vc_row][vc_row][vc_column width=\u00bb1\/3&#8243; overflow=\u00bbdefault\u00bb][vc_column_text css=\u00bb.vc_custom_1620212289591{border-top-width: 1px !important;border-right-width: 1px !important;border-bottom-width: 1px !important;border-left-width: 1px !important;padding-top: 60px !important;padding-right: 20px !important;padding-bottom: 60px !important;padding-left: 20px !important;border-left-color: #0f2587 !important;border-left-style: solid !important;border-right-color: #0f2587 !important;border-right-style: solid !important;border-top-color: #0f2587 !important;border-top-style: solid !important;border-bottom-color: #0f2587 !important;border-bottom-style: solid !important;border-radius: 10px !important;}\u00bb] Almer\u00eda Jos\u00e9 Lu\u00eds Rodr\u00edguez Rute&#8230;<\/p>\n","protected":false},"author":1,"featured_media":0,"parent":0,"menu_order":0,"comment_status":"closed","ping_status":"closed","template":"","meta":{"_acf_changed":false,"footnotes":""},"class_list":["post-3263","page","type-page","status-publish","hentry"],"acf":[],"_links":{"self":[{"href":"https:\/\/fematel.com\/web\/wp-json\/wp\/v2\/pages\/3263","targetHints":{"allow":["GET"]}}],"collection":[{"href":"https:\/\/fematel.com\/web\/wp-json\/wp\/v2\/pages"}],"about":[{"href":"https:\/\/fematel.com\/web\/wp-json\/wp\/v2\/types\/page"}],"author":[{"embeddable":true,"href":"https:\/\/fematel.com\/web\/wp-json\/wp\/v2\/users\/1"}],"replies":[{"embeddable":true,"href":"https:\/\/fematel.com\/web\/wp-json\/wp\/v2\/comments?post=3263"}],"version-history":[{"count":115,"href":"https:\/\/fematel.com\/web\/wp-json\/wp\/v2\/pages\/3263\/revisions"}],"predecessor-version":[{"id":5898,"href":"https:\/\/fematel.com\/web\/wp-json\/wp\/v2\/pages\/3263\/revisions\/5898"}],"wp:attachment":[{"href":"https:\/\/fematel.com\/web\/wp-json\/wp\/v2\/media?parent=3263"}],"curies":[{"name":"wp","href":"https:\/\/api.w.org\/{rel}","templated":true}]}}